{"id":16,"date":"2011-02-27T17:19:51","date_gmt":"2011-02-27T16:19:51","guid":{"rendered":"http:\/\/con123.ch\/DC\/?page_id=16"},"modified":"2024-03-10T19:51:27","modified_gmt":"2024-03-10T18:51:27","slug":"links-2","status":"publish","type":"page","link":"https:\/\/dunschtigclub.con123.ch\/?page_id=16","title":{"rendered":"Kontakt"},"content":{"rendered":"<p><strong>Anschrift<\/strong><br \/>\nDunschtigclub<br \/>\nMarkus Knecht<br \/>\nIm Chalberweidli 1<br \/>\n8932 Mettmenstetten<br \/>\n<a href=\"mailto:admin@dunschtigclub.ch\">admin@dunschtigclub.ch<\/a><\/p>\n<table>\n<tbody>\n<tr>\n<td colspan=\"2\"><strong>Vorstand<\/strong><\/td>\n<\/tr>\n<tr>\n<td width=\"120px\">Pr\u00e4sident:<\/td>\n<td width=\"200px\">Markus Knecht<\/td>\n<\/tr>\n<tr>\n<td>Vizepr\u00e4sident:<\/td>\n<td>Patrick L\u00fcthi<\/td>\n<\/tr>\n<tr>\n<td>Kassier:<\/td>\n<td>Thomas Schr\u00f6der<\/td>\n<\/tr>\n<tr>\n<td>Aktuar:<\/td>\n<td>H\u00e4se Adam<\/td>\n<\/tr>\n<tr>\n<td>Beisitzer:<\/td>\n<td>Michael Schlepfer<\/td>\n<\/tr>\n<\/tbody>\n<\/table>\n","protected":false},"excerpt":{"rendered":"<p>Anschrift Dunschtigclub Markus Knecht Im Chalberweidli 1 8932 Mettmenstetten admin@dunschtigclub.ch Vorstand Pr\u00e4sident: Markus Knecht Vizepr\u00e4sident: Patrick L\u00fcthi Kassier: Thomas Schr\u00f6der Aktuar: H\u00e4se Adam Beisitzer: Michael Schlepfer<\/p>\n","protected":false},"author":1,"featured_media":0,"parent":0,"menu_order":3,"comment_status":"closed","ping_status":"closed","template":"","meta":{"ngg_post_thumbnail":0,"footnotes":""},"class_list":["post-16","page","type-page","status-publish","hentry"],"_links":{"self":[{"href":"https:\/\/dunschtigclub.con123.ch\/index.php?rest_route=\/wp\/v2\/pages\/16","targetHints":{"allow":["GET"]}}],"collection":[{"href":"https:\/\/dunschtigclub.con123.ch\/index.php?rest_route=\/wp\/v2\/pages"}],"about":[{"href":"https:\/\/dunschtigclub.con123.ch\/index.php?rest_route=\/wp\/v2\/types\/page"}],"author":[{"embeddable":true,"href":"https:\/\/dunschtigclub.con123.ch\/index.php?rest_route=\/wp\/v2\/users\/1"}],"replies":[{"embeddable":true,"href":"https:\/\/dunschtigclub.con123.ch\/index.php?rest_route=%2Fwp%2Fv2%2Fcomments&post=16"}],"version-history":[{"count":2,"href":"https:\/\/dunschtigclub.con123.ch\/index.php?rest_route=\/wp\/v2\/pages\/16\/revisions"}],"predecessor-version":[{"id":4040,"href":"https:\/\/dunschtigclub.con123.ch\/index.php?rest_route=\/wp\/v2\/pages\/16\/revisions\/4040"}],"wp:attachment":[{"href":"https:\/\/dunschtigclub.con123.ch\/index.php?rest_route=%2Fwp%2Fv2%2Fmedia&parent=16"}],"curies":[{"name":"wp","href":"https:\/\/api.w.org\/{rel}","templated":true}]}}